{"id":585,"date":"2024-08-13T20:34:49","date_gmt":"2024-08-13T23:34:49","guid":{"rendered":"https:\/\/ativaraplicativo.online\/?post_type=product&#038;p=585"},"modified":"2025-10-01T20:38:14","modified_gmt":"2025-10-01T23:38:14","slug":"ktn-player","status":"publish","type":"product","link":"https:\/\/ativaraplicativo.online\/index.php\/produto\/ktn-player\/","title":{"rendered":"KTN PLAYER"},"content":{"rendered":"<p style=\"text-align: JUSTIFY;\"><span style=\"vertical-align: inherit;\"><span style=\"vertical-align: inherit;\">KTN Player \u00e9 uma plataforma de streaming que oferece uma vasta sele\u00e7\u00e3o de programas de TV premiados, filmes, animes, document\u00e1rios e muito mais, dispon\u00edveis em milhares de dispositivos conectados \u00e0 internet. Com o KTN Player, voc\u00ea pode assistir ao que quiser, quando quiser, sem comerciais \u2013 tudo por um pre\u00e7o acess\u00edvel referente \u00e0 ativa\u00e7\u00e3o do aplicativo, v\u00e1lido por um ano. O conte\u00fado ou lista de canais \u00e9 pago separadamente. Sempre h\u00e1 algo novo para explorar, com novos programas de TV e filmes sendo adicionados a cada semana!<\/span><\/span><\/p>\n","protected":false},"excerpt":{"rendered":"<p style=\"text-align: JUSTIFY;\"><span style=\"vertical-align: inherit;\"><span style=\"vertical-align: inherit;\">KTN Player possui uma vasta biblioteca com filmes, document\u00e1rios, programas de TV, animes, e muito mais, incluindo produ\u00e7\u00f5es originais premiadas. Assista o quanto quiser, quando quiser, e aproveite o melhor do entretenimento em qualquer momento.<\/span><\/span><\/p>\n","protected":false},"featured_media":586,"comment_status":"open","ping_status":"closed","template":"","meta":{"content-type":"","_joinchat":[]},"product_cat":[99],"product_tag":[],"class_list":{"0":"post-585","1":"product","2":"type-product","3":"status-publish","4":"has-post-thumbnail","6":"product_cat-streaming","8":"first","9":"instock","10":"virtual","11":"purchasable","12":"product-type-simple"},"_links":{"self":[{"href":"https:\/\/ativaraplicativo.online\/index.php\/wp-json\/wp\/v2\/product\/585"}],"collection":[{"href":"https:\/\/ativaraplicativo.online\/index.php\/wp-json\/wp\/v2\/product"}],"about":[{"href":"https:\/\/ativaraplicativo.online\/index.php\/wp-json\/wp\/v2\/types\/product"}],"replies":[{"embeddable":true,"href":"https:\/\/ativaraplicativo.online\/index.php\/wp-json\/wp\/v2\/comments?post=585"}],"version-history":[{"count":3,"href":"https:\/\/ativaraplicativo.online\/index.php\/wp-json\/wp\/v2\/product\/585\/revisions"}],"predecessor-version":[{"id":589,"href":"https:\/\/ativaraplicativo.online\/index.php\/wp-json\/wp\/v2\/product\/585\/revisions\/589"}],"wp:featuredmedia":[{"embeddable":true,"href":"https:\/\/ativaraplicativo.online\/index.php\/wp-json\/wp\/v2\/media\/586"}],"wp:attachment":[{"href":"https:\/\/ativaraplicativo.online\/index.php\/wp-json\/wp\/v2\/media?parent=585"}],"wp:term":[{"taxonomy":"product_cat","embeddable":true,"href":"https:\/\/ativaraplicativo.online\/index.php\/wp-json\/wp\/v2\/product_cat?post=585"},{"taxonomy":"product_tag","embeddable":true,"href":"https:\/\/ativaraplicativo.online\/index.php\/wp-json\/wp\/v2\/product_tag?post=585"}],"curies":[{"name":"wp","href":"https:\/\/api.w.org\/{rel}","templated":true}]}}