{"id":612,"date":"2024-08-13T23:02:28","date_gmt":"2024-08-14T02:02:28","guid":{"rendered":"https:\/\/ativaraplicativo.online\/?post_type=product&#038;p=612"},"modified":"2025-10-01T20:38:55","modified_gmt":"2025-10-01T23:38:55","slug":"meta-player","status":"publish","type":"product","link":"https:\/\/ativaraplicativo.online\/index.php\/produto\/meta-player\/","title":{"rendered":"META PLAYER"},"content":{"rendered":"<p style=\"text-align: justify;\">Meta player \u00e9 uma plataforma de streaming que oferece uma vasta sele\u00e7\u00e3o de programas de TV premiados, filmes, animes, document\u00e1rios e muito mais, dispon\u00edvel em milhares de dispositivos conectados \u00e0 internet. Com o Meta player, voc\u00ea pode assistir ao que quiser, quando quiser, sem interrup\u00e7\u00f5es comerciais \u2013 tudo por um pre\u00e7o acess\u00edvel referente \u00e0 ativa\u00e7\u00e3o do aplicativo, v\u00e1lido por um ano. O conte\u00fado ou lista de canais \u00e9 pago separadamente. Sempre h\u00e1 algo novo para explorar, com novos programas de TV e filmes sendo adicionados a cada semana!<\/p>\n","protected":false},"excerpt":{"rendered":"<p style=\"text-align: justify;\">Meta player possui uma vasta biblioteca com filmes, document\u00e1rios, programas de TV, animes, e muito mais, incluindo produ\u00e7\u00f5es originais premiadas. Assista o quanto quiser, quando quiser, e aproveite o melhor do entretenimento em qualquer momento.<\/p>\n","protected":false},"featured_media":613,"comment_status":"open","ping_status":"closed","template":"","meta":{"content-type":"","_joinchat":[]},"product_cat":[99],"product_tag":[265,269,263,270,264,274,266,271,262,268,261,267,272,273,260],"class_list":{"0":"post-612","1":"product","2":"type-product","3":"status-publish","4":"has-post-thumbnail","6":"product_cat-streaming","7":"product_tag-animesefilmes","8":"product_tag-assistaquandoquiser","9":"product_tag-assistasemanuncios","10":"product_tag-bibliotecadeentretenimento","11":"product_tag-conteudoexclusivo","12":"product_tag-diversaosemfim","13":"product_tag-documentariosondemand","14":"product_tag-entretenimentoemqualquerlugar","15":"product_tag-entretenimentoonline","16":"product_tag-entretenimentoparatodos","17":"product_tag-filmeseseries","18":"product_tag-novidadestodasemana","19":"product_tag-novoslancamentos","20":"product_tag-streamingdequalidade","21":"product_tag-streamingsemlimites","23":"first","24":"instock","25":"virtual","26":"taxable","27":"purchasable","28":"product-type-simple"},"_links":{"self":[{"href":"https:\/\/ativaraplicativo.online\/index.php\/wp-json\/wp\/v2\/product\/612"}],"collection":[{"href":"https:\/\/ativaraplicativo.online\/index.php\/wp-json\/wp\/v2\/product"}],"about":[{"href":"https:\/\/ativaraplicativo.online\/index.php\/wp-json\/wp\/v2\/types\/product"}],"replies":[{"embeddable":true,"href":"https:\/\/ativaraplicativo.online\/index.php\/wp-json\/wp\/v2\/comments?post=612"}],"version-history":[{"count":1,"href":"https:\/\/ativaraplicativo.online\/index.php\/wp-json\/wp\/v2\/product\/612\/revisions"}],"predecessor-version":[{"id":614,"href":"https:\/\/ativaraplicativo.online\/index.php\/wp-json\/wp\/v2\/product\/612\/revisions\/614"}],"wp:featuredmedia":[{"embeddable":true,"href":"https:\/\/ativaraplicativo.online\/index.php\/wp-json\/wp\/v2\/media\/613"}],"wp:attachment":[{"href":"https:\/\/ativaraplicativo.online\/index.php\/wp-json\/wp\/v2\/media?parent=612"}],"wp:term":[{"taxonomy":"product_cat","embeddable":true,"href":"https:\/\/ativaraplicativo.online\/index.php\/wp-json\/wp\/v2\/product_cat?post=612"},{"taxonomy":"product_tag","embeddable":true,"href":"https:\/\/ativaraplicativo.online\/index.php\/wp-json\/wp\/v2\/product_tag?post=612"}],"curies":[{"name":"wp","href":"https:\/\/api.w.org\/{rel}","templated":true}]}}